{"id":13,"date":"2024-08-16T10:30:27","date_gmt":"2024-08-16T10:30:27","guid":{"rendered":"https:\/\/esplendorenlaquiebra.com\/?page_id=13"},"modified":"2025-07-07T12:42:59","modified_gmt":"2025-07-07T10:42:59","slug":"contacto","status":"publish","type":"page","link":"https:\/\/esplendorenlaquiebra.com\/va\/contacto\/","title":{"rendered":"Contacta i proposa"},"content":{"rendered":"<p>Som una editorial de recent creaci\u00f3, per tant estem buscant proposta de projectes amb les seg\u00fcents caracter\u00edstiques:<\/p>\n\n\n\n<ul class=\"wp-block-list\">\n<li>Obres sobre cinema, s\u00e8ries i videojocs, cultura audiovisual en general.<\/li>\n\n\n\n<li>Amb fort component divulgatiu.<\/li>\n\n\n\n<li>Es valorar\u00e0 molt m\u00e9s la viabilitat del projecte si una de les persones coautores \u00e9s il\u00b7lustradora.<\/li>\n<\/ul>\n\n\n\n<p>Estudiarem la teva proposta i et contestarem el m\u00e9s aviat possible.<\/p>\n\n\n\n<p>Tamb\u00e9 pots posar-te en contacte per a qualsevol altra comunicaci\u00f3 que ens vulguis fer arribar.<\/p>\n\n\n\n<h2 class=\"wp-block-heading\">Si vols fer-nos arribar un PDF o document<\/h2>\n\n\n\n<ul class=\"wp-block-list\">\n<li>Puja&#039;l a algun servei d&#039;emmagatzematge de fitxers tipus <strong>Drive o Wetransfer<\/strong>.<\/li>\n\n\n\n<li>Passa&#039;ns al formulari de contacte l&#039;enlla\u00e7.<\/li>\n<\/ul>\n\n\n\n<p>Aix\u00f2 ho fem com a part de la nostra pol\u00edtica de sostenibilitat, intentem no enviar arxius adjunt ni al nostre email ni per la nostra web ja que s\u00f3n serveis que no autodestrueixen els documents tret que ho faci la persona usu\u00e0ria. Els fitxers digitals consumeixen molta energia i per aix\u00f2 hem de ser responsables amb l&#039;\u00fas que li donem.<\/p>\n\n\n\n<p>Si pugem un fitxer a un servei d&#039;emmagatzematge, aquest normalment \u00e9s eliminat al cap d&#039;uns dies o sempre podr\u00e0s tenir el link disponible si ho necessites compartir amb m\u00e9s gent. <\/p>\n\n\n\n<p>Evitem enviar documents per email ja que s&#039;emmagatzemen al teu servidor de correu i al de les persones a qui l&#039;envies. <strong>Millor sempre enlla\u00e7.<\/strong><\/p>\n\n\n<div class='fluentform ff-default fluentform_wrapper_1  ff_guten_block ff_guten_block-1 ffs_default_wrap'><form data-form_id=\"1\" id=\"fluentform_1\" class=\"frm-fluent-form fluent_form_1 ff-el-form-top ff_form_instance_1_1 ff-form-loading ffs_default\" data-form_instance=\"ff_form_instance_1_1\" method=\"POST\" action=\"\" ><fieldset  style=\"border: none!important;margin: 0!important;padding: 0!important;background-color: transparent!important;box-shadow: none!important;outline: none!important; min-inline-size: 100%;\">\n                    <legend class=\"ff_screen_reader_title\" style=\"display: block; margin: 0!important;padding: 0!important;height: 0!important;text-indent: -999999px;width: 0!important;overflow:hidden;\">Formulari de contacte<\/legend><input type='hidden' name='__fluent_form_embded_post_id' value='13' \/><input type=\"hidden\" id=\"_fluentform_1_fluentformnonce\" name=\"_fluentform_1_fluentformnonce\" value=\"d505c94163\" \/><input type=\"hidden\" name=\"_wp_http_referer\" value=\"\/va\/wp-json\/wp\/v2\/pages\/13\" \/><div class='ff-el-group'><div class=\"ff-el-input--label ff-el-is-required asterisk-right\"><label for='ff_1_email' id='label_ff_1_email' aria-label=\"Email\">Email<\/label><\/div><div class='ff-el-input--content'><input type=\"email\" name=\"email\" id=\"ff_1_email\" class=\"ff-el-form-control\" placeholder=\"Correu electr\u00f2nic\" data-name=\"email\"  aria-invalid=\"false\" aria-required=\"true\"><\/div><\/div><div class='ff-el-group'><div class=\"ff-el-input--label ff-el-is-required asterisk-right\"><label for='ff_1_message' id='label_ff_1_message' aria-label=\"Missatge\">Missatge<\/label><\/div><div class='ff-el-input--content'><textarea aria-required=\"true\" aria-labelledby=\"label_ff_1_message\" name=\"message\" id=\"ff_1_message\" class=\"ff-el-form-control\" placeholder=\"Escriu el teu missatge\" rows=\"4\" cols=\"2\" data-name=\"message\" ><\/textarea><\/div><\/div><div class='ff-el-group ff-text-left ff_submit_btn_wrapper'><button type=\"submit\" class=\"ff-btn ff-btn-submit ff-btn-lg ff_btn_style wpf_has_custom_css\"  aria-label=\"Enviar\">Enviar<\/button><\/div><\/fieldset><input type=\"hidden\" name=\"trp-form-language\" value=\"va\"\/><\/form><div id='fluentform_1_errors' class='ff-errors-in-stack ff_form_instance_1_1 ff-form-loading_errors ff_form_instance_1_1_errors'><\/div><\/div>            <script type=\"text\/javascript\">\n                window.fluent_form_ff_form_instance_1_1 = {\"id\":\"1\",\"ajaxUrl\":\"https:\\\/\\\/esplendorenlaquiebra.com\\\/wp-admin\\\/admin-ajax.php\",\"settings\":{\"layout\":{\"labelPlacement\":\"top\",\"helpMessagePlacement\":\"with_label\",\"errorMessagePlacement\":\"inline\",\"cssClassName\":\"\",\"asteriskPlacement\":\"asterisk-right\"},\"restrictions\":{\"denyEmptySubmission\":{\"enabled\":false}}},\"form_instance\":\"ff_form_instance_1_1\",\"form_id_selector\":\"fluentform_1\",\"rules\":{\"email\":{\"required\":{\"value\":true,\"message\":\"This field is required\",\"global\":false,\"global_message\":\"Este campo es obligatorio\"},\"email\":{\"value\":true,\"message\":\"This field must contain a valid email\",\"global\":false,\"global_message\":\"Este campo debe contener un correo electr\\u00f3nico v\\u00e1lido\"}},\"message\":{\"required\":{\"value\":true,\"message\":\"This field is required\",\"global\":false,\"global_message\":\"Este campo es obligatorio\"}}},\"debounce_time\":300};\n                            <\/script>\n            \n\n\n<p><\/p>","protected":false},"excerpt":{"rendered":"<p>Somos una editorial de reciente creaci\u00f3n, por tanto estamos buscando propuesta de proyectos con las siguientes caracter\u00edsticas: Estudiaremos tu propuesta y te contestaremos con la mayor brevedad posible. Tambi\u00e9n puedes ponerte en contacto para cualquier otra comunicaci\u00f3n que quieras hacernos llegar. Si quieres hacernos llegar un PDF o documento Esto lo hacemos como parte de [&hellip;]<\/p>\n","protected":false},"author":16,"featured_media":0,"parent":0,"menu_order":0,"comment_status":"closed","ping_status":"open","template":"","meta":{"footnotes":""},"class_list":["post-13","page","type-page","status-publish","hentry"],"_links":{"self":[{"href":"https:\/\/esplendorenlaquiebra.com\/va\/wp-json\/wp\/v2\/pages\/13","targetHints":{"allow":["GET"]}}],"collection":[{"href":"https:\/\/esplendorenlaquiebra.com\/va\/wp-json\/wp\/v2\/pages"}],"about":[{"href":"https:\/\/esplendorenlaquiebra.com\/va\/wp-json\/wp\/v2\/types\/page"}],"author":[{"embeddable":true,"href":"https:\/\/esplendorenlaquiebra.com\/va\/wp-json\/wp\/v2\/users\/16"}],"replies":[{"embeddable":true,"href":"https:\/\/esplendorenlaquiebra.com\/va\/wp-json\/wp\/v2\/comments?post=13"}],"version-history":[{"count":6,"href":"https:\/\/esplendorenlaquiebra.com\/va\/wp-json\/wp\/v2\/pages\/13\/revisions"}],"predecessor-version":[{"id":15947,"href":"https:\/\/esplendorenlaquiebra.com\/va\/wp-json\/wp\/v2\/pages\/13\/revisions\/15947"}],"wp:attachment":[{"href":"https:\/\/esplendorenlaquiebra.com\/va\/wp-json\/wp\/v2\/media?parent=13"}],"curies":[{"name":"wp","href":"https:\/\/api.w.org\/{rel}","templated":true}]}}