{"id":16,"date":"2024-08-16T10:30:53","date_gmt":"2024-08-16T10:30:53","guid":{"rendered":"https:\/\/esplendorenlaquiebra.com\/?page_id=16"},"modified":"2026-02-13T14:20:20","modified_gmt":"2026-02-13T13:20:20","slug":"inicio","status":"publish","type":"page","link":"https:\/\/esplendorenlaquiebra.com\/va\/","title":{"rendered":"Inici"},"content":{"rendered":"<div class=\"wp-block-group alignfull has-global-padding is-layout-constrained wp-container-core-group-is-layout-6a078910 wp-block-group-is-layout-constrained\" style=\"margin-top:0;margin-bottom:0;padding-top:var(--wp--preset--spacing--50);padding-right:var(--wp--preset--spacing--50);padding-bottom:var(--wp--preset--spacing--50);padding-left:var(--wp--preset--spacing--50)\">\n<div class=\"wp-block-group is-vertical is-content-justification-center is-layout-flex wp-container-core-group-is-layout-30778a02 wp-block-group-is-layout-flex\">\n<h2 class=\"wp-block-heading has-text-align-center has-xx-large-font-size\">Comptem la fallida<br>del cinema en paper<\/h2>\n\n\n\n<p class=\"has-text-align-center\">L&#039;editora de llibres de cinema, s\u00e8ries i videojocs que aposta per parlar de l&#039;esplendor audiovisual quan est\u00e0 pr\u00e0cticament a la fallida<\/p>\n<\/div>\n\n\n\n<div class=\"wp-block-group alignwide is-layout-grid wp-container-core-group-is-layout-2d010b1b wp-block-group-is-layout-grid\">\n<figure class=\"wp-block-image size-full\"><a href=\"https:\/\/www.amazon.es\/dp\/B0GKTCN7N1\/ref=sr_1_3?crid=1OTMHQRD97BL0&amp;dib=eyJ2IjoiMSJ9.zbqBKbJCfUQ9OpCwDgttgI5-jao7ZjJ0sJxw4r21E9U-LCii4FAMzp-_UYND_0fqff-jaBtG3G4p2zP49F81OG3TZ5RbSfRAu9e8e0DKBnOYbSpFwsR0Nd9Y_whESVbksJaoHGCc6PIKqGsmGzGJ2osLGgl_2uQVZWSobJtKe5KXjH4j26VXr6DsXJcvirZ28A7zbreivL_HT83T3tjZF1_JZYZLVwYrLpUrqCGoWOg.5eKAYXhxXk2jWdmAk-6n3yK_t6byt1RjD7J-A1LR46I&amp;dib_tag=se&amp;keywords=Luis+Antonio+L%C3%B3pez+Belda&amp;qid=1770138206&amp;s=digital-text&amp;sprefix=luis+antonio+l%C3%B3pez+belda%2Caps%2C259&amp;sr=1-3\" target=\"_blank\" rel=\" noreferrer noopener\"><img loading=\"lazy\" decoding=\"async\" width=\"742\" height=\"1186\" src=\"https:\/\/esplendorenlaquiebra.com\/media\/front_2020.webp\" alt=\"\" class=\"wp-image-16017\"\/><\/a><\/figure>\n\n\n\n<figure class=\"wp-block-image size-large\"><a href=\"https:\/\/www.amazon.es\/dp\/B0GKGKWBSH\" target=\"_blank\" rel=\" noreferrer noopener\"><img loading=\"lazy\" decoding=\"async\" width=\"742\" height=\"1186\" src=\"https:\/\/esplendorenlaquiebra.com\/media\/front_2021.webp\" alt=\"\" class=\"wp-image-16022\"\/><\/a><\/figure>\n\n\n\n<figure class=\"wp-block-image size-large\"><a href=\"https:\/\/www.amazon.es\/dp\/B0GKM4V67G\" target=\"_blank\" rel=\"noopener\"><img loading=\"lazy\" decoding=\"async\" width=\"742\" height=\"1186\" src=\"https:\/\/esplendorenlaquiebra.com\/media\/front_2022.webp\" alt=\"\" class=\"wp-image-16019\"\/><\/a><\/figure>\n\n\n\n<figure class=\"wp-block-image size-large\"><a href=\"https:\/\/www.amazon.es\/dp\/B0GKMTTZPD\" target=\"_blank\" rel=\"noopener\"><img loading=\"lazy\" decoding=\"async\" width=\"742\" height=\"1186\" src=\"https:\/\/esplendorenlaquiebra.com\/media\/front_2023.webp\" alt=\"\" class=\"wp-image-16021\"\/><\/a><\/figure>\n\n\n\n<figure class=\"wp-block-image size-large\"><a href=\"https:\/\/www.amazon.es\/dp\/B0GKMDK4HP\" target=\"_blank\" rel=\"noopener\"><img loading=\"lazy\" decoding=\"async\" width=\"742\" height=\"1186\" src=\"https:\/\/esplendorenlaquiebra.com\/media\/front_2024.webp\" alt=\"\" class=\"wp-image-16020\"\/><\/a><\/figure>\n\n\n\n<figure class=\"wp-block-image size-large\"><a href=\"https:\/\/www.amazon.es\/dp\/B0GKMHYM16\" target=\"_blank\" rel=\"noopener\"><img loading=\"lazy\" decoding=\"async\" width=\"742\" height=\"1186\" src=\"https:\/\/esplendorenlaquiebra.com\/media\/front_2025.webp\" alt=\"\" class=\"wp-image-16023\"\/><\/a><\/figure>\n<\/div>\n<\/div>\n\n\n\n<div class=\"wp-block-group alignfull has-global-padding is-content-justification-center is-layout-constrained wp-block-group-is-layout-constrained\" style=\"margin-top:0;margin-bottom:0\">\n<div style=\"height:var(--wp--preset--spacing--20)\" aria-hidden=\"true\" class=\"wp-block-spacer\"><\/div>\n\n\n\n<div class=\"wp-block-group alignwide is-layout-flow wp-block-group-is-layout-flow\">\n<div class=\"wp-block-columns alignwide are-vertically-aligned-top is-layout-flex wp-container-core-columns-is-layout-5c8fb865 wp-block-columns-is-layout-flex\">\n<div class=\"wp-block-column is-vertically-aligned-top has-global-padding is-content-justification-left is-layout-constrained wp-container-core-column-is-layout-95996b15 wp-block-column-is-layout-constrained\">\n<h2 class=\"wp-block-heading\">Pocs llibres,<br>necessito m\u00e9s.<\/h2>\n<\/div>\n\n\n\n<div class=\"wp-block-column is-vertically-aligned-top is-layout-flow wp-container-core-column-is-layout-22223934 wp-block-column-is-layout-flow\" style=\"flex-basis:50%\">\n<p>El nostre cat\u00e0leg \u00e9s petit per\u00f2 tenim al backlog una s\u00e8rie de t\u00edtols sobre divulgaci\u00f3 audiovisual. <strong><em>Subscriu-te a la nostra newsletter i t&#039;avisarem dels llan\u00e7aments<\/em><\/strong><\/p>\n\n\n\n<div class=\"wp-block-buttons is-layout-flex wp-block-buttons-is-layout-flex\">\n<div class=\"wp-block-button modal-trigger\"><a class=\"wp-block-button__link wp-element-button\" href=\"#suscripcion\">Avisa&#039;m quan surtin per favor<\/a><\/div>\n<\/div>\n<\/div>\n<\/div>\n\n\n\n<div style=\"height:var(--wp--preset--spacing--20)\" aria-hidden=\"true\" class=\"wp-block-spacer\"><\/div>\n<\/div>\n<\/div>\n\n\n\n<div class=\"wp-block-group alignwide has-global-padding is-layout-constrained wp-block-group-is-layout-constrained\" style=\"padding-top:var(--wp--preset--spacing--60);padding-bottom:0\">\n<div class=\"wp-block-columns alignwide are-vertically-aligned-top is-layout-flex wp-container-core-columns-is-layout-5c8fb865 wp-block-columns-is-layout-flex\">\n<div class=\"wp-block-column is-vertically-aligned-top has-global-padding is-content-justification-left is-layout-constrained wp-container-core-column-is-layout-95996b15 wp-block-column-is-layout-constrained\">\n<h2 class=\"wp-block-heading\">El que encara ha d&#039;arribar\u2026<\/h2>\n<\/div>\n\n\n\n<div class=\"wp-block-column is-vertically-aligned-top is-layout-flow wp-block-column-is-layout-flow\" style=\"flex-basis:50%\"><\/div>\n<\/div>\n\n\n\n<div class=\"wp-block-columns alignwide is-layout-flex wp-container-core-columns-is-layout-28232c24 wp-block-columns-is-layout-flex\">\n<div class=\"wp-block-column is-vertically-aligned-bottom has-global-padding is-content-justification-left is-layout-constrained wp-container-core-column-is-layout-17dd1b49 wp-block-column-is-layout-constrained\">\n<div class=\"wp-block-group is-layout-grid wp-container-core-group-is-layout-63f9c87f wp-block-group-is-layout-grid\">\n<div class=\"wp-block-group has-contrast-color has-text-color has-link-color has-xx-large-font-size with-transform with-background-color wp-elements-c4c785bd74b949b39010ff0ee69255b6 wp-container-content-98dac09e has-global-padding is-content-justification-left is-layout-constrained wp-container-core-group-is-layout-b69ed062 wp-block-group-is-layout-constrained core-group core-group-6a098bb6bc0ac\" style=\"border-top-left-radius:32px;border-top-right-radius:32px;min-height:300px;padding-top:var(--wp--preset--spacing--10);padding-right:var(--wp--preset--spacing--10);padding-bottom:var(--wp--preset--spacing--10);padding-left:var(--wp--preset--spacing--10);font-style:normal;font-weight:600;line-height:1.15\">\n<p class=\"has-large-font-size\">Estereotips femenins<\/p>\n<\/div>\n\n\n\n<div class=\"wp-block-group has-contrast-color has-text-color has-link-color has-xx-large-font-size with-transform with-background-color wp-elements-903f0b25f2b07d9c39a22137650ee276 wp-container-content-98dac09e has-global-padding is-content-justification-left is-layout-constrained wp-container-core-group-is-layout-b69ed062 wp-block-group-is-layout-constrained core-group core-group-6a098bb6bc55f\" style=\"border-top-left-radius:32px;border-top-right-radius:32px;min-height:300px;padding-top:var(--wp--preset--spacing--10);padding-right:var(--wp--preset--spacing--10);padding-bottom:var(--wp--preset--spacing--10);padding-left:var(--wp--preset--spacing--10);font-style:normal;font-weight:600;line-height:1.15\">\n<p class=\"has-large-font-size\">Calendari cin\u00e8fil<\/p>\n<\/div>\n\n\n\n<div class=\"wp-block-group has-contrast-color has-text-color has-link-color has-xx-large-font-size with-transform with-background-color wp-elements-0f688adf2688577bd643fdbbabfb58ec wp-container-content-98dac09e has-global-padding is-content-justification-left is-layout-constrained wp-container-core-group-is-layout-b69ed062 wp-block-group-is-layout-constrained core-group core-group-6a098bb6bc7b9\" style=\"border-top-left-radius:32px;border-top-right-radius:32px;min-height:300px;padding-top:var(--wp--preset--spacing--10);padding-right:var(--wp--preset--spacing--10);padding-bottom:var(--wp--preset--spacing--10);padding-left:var(--wp--preset--spacing--10);font-style:normal;font-weight:600;line-height:1.15\">\n<p class=\"has-large-font-size\"><a href=\"https:\/\/esplendorenlaquiebra.com\/va\/contacto\/\" data-type=\"page\" data-id=\"13\">El teu llibre?<\/a><\/p>\n<\/div>\n<\/div>\n<\/div>\n<\/div>\n<\/div>","protected":false},"excerpt":{"rendered":"<p>Contamos la quiebradel cine en papel La editora de libros de cine, series y videojuegos que apuesta por hablar del esplendor audiovisual cuando est\u00e1 pr\u00e1cticamente en la quiebra Pocos libros,necesito m\u00e1s. Nuestro cat\u00e1logo es peque\u00f1o pero tenemos en el backlog una serie de t\u00edtulos sobre divulgaci\u00f3n audiovisual. Suscr\u00edbete a nuestra newsletter y te avisaremos de [&hellip;]<\/p>\n","protected":false},"author":16,"featured_media":16031,"parent":0,"menu_order":0,"comment_status":"closed","ping_status":"open","template":"page-no-title","meta":{"footnotes":""},"class_list":["post-16","page","type-page","status-publish","has-post-thumbnail","hentry"],"_links":{"self":[{"href":"https:\/\/esplendorenlaquiebra.com\/va\/wp-json\/wp\/v2\/pages\/16","targetHints":{"allow":["GET"]}}],"collection":[{"href":"https:\/\/esplendorenlaquiebra.com\/va\/wp-json\/wp\/v2\/pages"}],"about":[{"href":"https:\/\/esplendorenlaquiebra.com\/va\/wp-json\/wp\/v2\/types\/page"}],"author":[{"embeddable":true,"href":"https:\/\/esplendorenlaquiebra.com\/va\/wp-json\/wp\/v2\/users\/16"}],"replies":[{"embeddable":true,"href":"https:\/\/esplendorenlaquiebra.com\/va\/wp-json\/wp\/v2\/comments?post=16"}],"version-history":[{"count":63,"href":"https:\/\/esplendorenlaquiebra.com\/va\/wp-json\/wp\/v2\/pages\/16\/revisions"}],"predecessor-version":[{"id":16032,"href":"https:\/\/esplendorenlaquiebra.com\/va\/wp-json\/wp\/v2\/pages\/16\/revisions\/16032"}],"wp:featuredmedia":[{"embeddable":true,"href":"https:\/\/esplendorenlaquiebra.com\/va\/wp-json\/wp\/v2\/media\/16031"}],"wp:attachment":[{"href":"https:\/\/esplendorenlaquiebra.com\/va\/wp-json\/wp\/v2\/media?parent=16"}],"curies":[{"name":"wp","href":"https:\/\/api.w.org\/{rel}","templated":true}]}}